{"id":7854,"date":"2023-03-08T21:55:24","date_gmt":"2023-03-08T21:55:24","guid":{"rendered":"https:\/\/nakkasrug.com\/sobre-nosotras\/"},"modified":"2023-04-07T14:38:24","modified_gmt":"2023-04-07T14:38:24","slug":"sobre-nosotras","status":"publish","type":"page","link":"https:\/\/nakkasrug.com\/es\/sobre-nosotras\/","title":{"rendered":"Sobre nosotras"},"content":{"rendered":"\t\t<div data-elementor-type=\"wp-page\" data-elementor-id=\"7854\" class=\"elementor elementor-7854 elementor-5296\" data-elementor-post-type=\"page\">\n\t\t\t\t\t\t<section class=\"elementor-section elementor-top-section elementor-element elementor-element-527ed60d elementor-section-boxed elementor-section-height-default elementor-section-height-default\" data-id=\"527ed60d\" data-element_type=\"section\" data-e-type=\"section\">\n\t\t\t\t\t\t<div class=\"elementor-container elementor-column-gap-default\">\n\t\t\t\t\t<div class=\"elementor-column elementor-col-50 elementor-top-column elementor-element elementor-element-3c2ef49\" data-id=\"3c2ef49\" data-element_type=\"column\" data-e-type=\"column\" data-settings=\"{&quot;background_background&quot;:&quot;classic&quot;}\">\n\t\t\t<div class=\"elementor-widget-wrap\">\n\t\t\t\t\t\t\t<\/div>\n\t\t<\/div>\n\t\t\t\t<div class=\"elementor-column elementor-col-50 elementor-top-column elementor-element elementor-element-6fd547eb\" data-id=\"6fd547eb\" data-element_type=\"column\" data-e-type=\"column\">\n\t\t\t<div class=\"elementor-widget-wrap elementor-element-populated\">\n\t\t\t\t\t\t<div class=\"elementor-element elementor-element-4aa6eba8 elementor-widget elementor-widget-text-editor\" data-id=\"4aa6eba8\" data-element_type=\"widget\" data-e-type=\"widget\" data-widget_type=\"text-editor.default\">\n\t\t\t\t<div class=\"elementor-widget-container\">\n\t\t\t\t\t\t\t\t\t<p>La historia de Nakka\u015f es tambi\u00e9n la historia de Cengiz y Cengiz, dos personas que se conocieron trabajando en una tienda de alfombras, se hicieron amigos r\u00e1pidos y luego socios comerciales. Al crecer en Estambul, comenzaron su viaje al mundo de las alfombras turcas cuando ambos eran j\u00f3venes. Comenzando en una tienda tradicional de alfombras antiguas de Estambul, enrollaron y desenrollaron, apilaron y volvieron a apilar las coloridas ofertas para los clientes visitantes durante todo el d\u00eda. Con los a\u00f1os, aprendieron los colores, los patrones y las texturas; c\u00f3mo distinguir entre natural y artificial, entre usado y antiguo. <\/p>\n<p>Comenzaron a ascender en la escalera, desde simplemente mostrar las alfombras hasta compartir la historia de cada alfombra con los clientes. A medida que aumentaban sus responsabilidades, ambos comenzaron a viajar fuera de Estambul, visitando los pueblos donde las alfombras estaban a medio terminar en los telares o colgadas a secar sobre las cercas del patio. Aprender sobre el proceso de elaboraci\u00f3n de estas reliquias tejidas, encontrarlas y traerlas de vuelta a la ciudad sent\u00f3 las bases de su pasi\u00f3n por las alfombras turcas.<\/p>\n<p>Pronto, las diversas regiones de Anatolia se volvieron tan familiares para ellos como las alfombras de la tienda. Conocieron a todo tipo de personas, desde tejedores individuales de alfombras tradicionales hasta propietarios de peque\u00f1as f\u00e1bricas y grandes productores de alfombras. En 1989, su amplia gama de contactos result\u00f3 ser un activo para ellos cuando decidieron abrir su propia tienda, \u201cGaleri Cengiz\u201d. Ubicada detr\u00e1s de la famosa Mezquita Sultanahmet en el Bazar Arasta, pasaron 15 a\u00f1os recibiendo turistas, tanto extranjeros como locales, en su tienda.<\/p>\n<p><\/p>\t\t\t\t\t\t\t\t<\/div>\n\t\t\t\t<\/div>\n\t\t\t\t\t<\/div>\n\t\t<\/div>\n\t\t\t\t\t<\/div>\n\t\t<\/section>\n\t\t\t\t<section class=\"elementor-section elementor-top-section elementor-element elementor-element-219cb51 elementor-section-boxed elementor-section-height-default elementor-section-height-default\" data-id=\"219cb51\" data-element_type=\"section\" data-e-type=\"section\">\n\t\t\t\t\t\t<div class=\"elementor-container elementor-column-gap-default\">\n\t\t\t\t\t<div class=\"elementor-column elementor-col-50 elementor-top-column elementor-element elementor-element-0d274c2\" data-id=\"0d274c2\" data-element_type=\"column\" data-e-type=\"column\">\n\t\t\t<div class=\"elementor-widget-wrap elementor-element-populated\">\n\t\t\t\t\t\t<div class=\"elementor-element elementor-element-82534b5 elementor-widget elementor-widget-text-editor\" data-id=\"82534b5\" data-element_type=\"widget\" data-e-type=\"widget\" data-widget_type=\"text-editor.default\">\n\t\t\t\t<div class=\"elementor-widget-container\">\n\t\t\t\t\t\t\t\t\t<p><span style=\"font-family: var( --e-global-typography-primary-font-family ), Poppins; font-weight: var( --e-global-typography-primary-font-weight ); letter-spacing: 0.1px; color: var( --e-global-color-text );\">Con el tiempo, desarrollaron una reputaci\u00f3n de calidad y honestidad, y los clientes que regresaban tambi\u00e9n se convirtieron en amigos cercanos. Y, con un negocio en crecimiento y una clientela internacional, en 2004 se mudaron a un nuevo edificio justo detr\u00e1s del Hip\u00f3dromo en Nakilbent Sokak, y renacieron como Nakka\u015f.<\/span><\/p>\n<p><\/p>\n<p><\/p>\n<p>Nakka\u015f alberga una colecci\u00f3n incre\u00edblemente variada de m\u00e1s de 20 000 alfombras y kilims, incluidas alfombras antiguas. Adem\u00e1s de las alfombras cl\u00e1sicas exclusivamente tejidas a mano, la colecci\u00f3n tambi\u00e9n incluye dise\u00f1os modernos creados con t\u00e9cnicas de tejido tradicionales. Adem\u00e1s de ofrecer alfombras tradicionales Hereke, Konya, Kayseri, Sivas, Bergama y U\u015fak, Nakka\u015f tambi\u00e9n ofrece soluciones personalizadas \u00fanicas para proyectos arquitect\u00f3nicos. Adem\u00e1s, Nakka\u015f es uno de los pocos minoristas seleccionados de alfombras que han ganado premios internacionales de dise\u00f1o, como las alfombras Samsun y Zara que forman parte de la Colecci\u00f3n Nakka\u015f.<\/p>\n<p><\/p>\t\t\t\t\t\t\t\t<\/div>\n\t\t\t\t<\/div>\n\t\t\t\t\t<\/div>\n\t\t<\/div>\n\t\t\t\t<div class=\"elementor-column elementor-col-50 elementor-top-column elementor-element elementor-element-b6c6fa7\" data-id=\"b6c6fa7\" data-element_type=\"column\" data-e-type=\"column\" data-settings=\"{&quot;background_background&quot;:&quot;classic&quot;}\">\n\t\t\t<div class=\"elementor-widget-wrap\">\n\t\t\t\t\t\t\t<\/div>\n\t\t<\/div>\n\t\t\t\t\t<\/div>\n\t\t<\/section>\n\t\t\t\t<\/div>\n\t\t","protected":false},"excerpt":{"rendered":"<p>La historia de Nakka\u015f es tambi\u00e9n la historia de Cengiz y Cengiz, dos personas que se conocieron trabajando en una tienda de alfombras, se hicieron amigos r\u00e1pidos y luego socios comerciales. Al crecer en Estambul, comenzaron su viaje al mundo de las alfombras turcas cuando ambos eran j\u00f3venes. Comenzando en una tienda tradicional de alfombras [&hellip;]<\/p>\n","protected":false},"author":1,"featured_media":0,"parent":0,"menu_order":0,"comment_status":"closed","ping_status":"closed","template":"","meta":{"content-type":"","footnotes":""},"class_list":["post-7854","page","type-page","status-publish","hentry"],"_links":{"self":[{"href":"https:\/\/nakkasrug.com\/es\/wp-json\/wp\/v2\/pages\/7854","targetHints":{"allow":["GET"]}}],"collection":[{"href":"https:\/\/nakkasrug.com\/es\/wp-json\/wp\/v2\/pages"}],"about":[{"href":"https:\/\/nakkasrug.com\/es\/wp-json\/wp\/v2\/types\/page"}],"author":[{"embeddable":true,"href":"https:\/\/nakkasrug.com\/es\/wp-json\/wp\/v2\/users\/1"}],"replies":[{"embeddable":true,"href":"https:\/\/nakkasrug.com\/es\/wp-json\/wp\/v2\/comments?post=7854"}],"version-history":[{"count":0,"href":"https:\/\/nakkasrug.com\/es\/wp-json\/wp\/v2\/pages\/7854\/revisions"}],"wp:attachment":[{"href":"https:\/\/nakkasrug.com\/es\/wp-json\/wp\/v2\/media?parent=7854"}],"curies":[{"name":"wp","href":"https:\/\/api.w.org\/{rel}","templated":true}]}}