{"id":10189,"date":"2023-03-12T19:40:58","date_gmt":"2023-03-12T19:40:58","guid":{"rendered":"https:\/\/nakkasrug.com\/product\/komurcu-kula-121180\/"},"modified":"2023-03-12T19:40:58","modified_gmt":"2023-03-12T19:40:58","slug":"komurcu-kula-121180","status":"publish","type":"product","link":"https:\/\/nakkasrug.com\/ru\/product\/komurcu-kula-121180\/","title":{"rendered":"K\u00f6m\u00fcrc\u00fc Kula &#8212; 121180"},"content":{"rendered":"","protected":false},"excerpt":{"rendered":"","protected":false},"featured_media":9086,"template":"","meta":{"content-type":""},"product_brand":[],"product_cat":[416],"product_tag":[425,448,426],"class_list":{"0":"post-10189","1":"product","2":"type-product","3":"status-publish","4":"has-post-thumbnail","6":"product_cat-antikvarnye-kovry","7":"product_tag-krasnye-kovry","8":"product_tag-naturalnaja-sherst","9":"product_tag-sinie-kovry","11":"first","12":"instock","13":"shipping-taxable","14":"product-type-simple"},"_links":{"self":[{"href":"https:\/\/nakkasrug.com\/ru\/wp-json\/wp\/v2\/product\/10189","targetHints":{"allow":["GET"]}}],"collection":[{"href":"https:\/\/nakkasrug.com\/ru\/wp-json\/wp\/v2\/product"}],"about":[{"href":"https:\/\/nakkasrug.com\/ru\/wp-json\/wp\/v2\/types\/product"}],"version-history":[{"count":0,"href":"https:\/\/nakkasrug.com\/ru\/wp-json\/wp\/v2\/product\/10189\/revisions"}],"wp:featuredmedia":[{"embeddable":true,"href":"https:\/\/nakkasrug.com\/ru\/wp-json\/wp\/v2\/media\/9086"}],"wp:attachment":[{"href":"https:\/\/nakkasrug.com\/ru\/wp-json\/wp\/v2\/media?parent=10189"}],"wp:term":[{"taxonomy":"product_brand","embeddable":true,"href":"https:\/\/nakkasrug.com\/ru\/wp-json\/wp\/v2\/product_brand?post=10189"},{"taxonomy":"product_cat","embeddable":true,"href":"https:\/\/nakkasrug.com\/ru\/wp-json\/wp\/v2\/product_cat?post=10189"},{"taxonomy":"product_tag","embeddable":true,"href":"https:\/\/nakkasrug.com\/ru\/wp-json\/wp\/v2\/product_tag?post=10189"}],"curies":[{"name":"wp","href":"https:\/\/api.w.org\/{rel}","templated":true}]}}